{"id":1698,"date":"2023-09-01T19:25:06","date_gmt":"2023-09-01T19:25:06","guid":{"rendered":"https:\/\/xn--der-pftchenhof-0pb.de\/?page_id=1698"},"modified":"2023-09-01T21:53:15","modified_gmt":"2023-09-01T21:53:15","slug":"gesundheit-und-wohlbefinden","status":"publish","type":"page","link":"https:\/\/xn--der-pftchenhof-0pb.de\/?page_id=1698","title":{"rendered":"Gesundheit und Wohlbefinden"},"content":{"rendered":"\n<h4 class=\"wp-block-heading\">Infos zur Versorgung und Betreuung<\/h4>\n\n\n\n<h6 class=\"wp-block-heading\">Die Gesundheit unserer pelzigen Freunde<\/h6>\n\n\n\n<p>In unserer Welt der Liebe und Freundschaft sind unsere Tiere mehr als nur Haustiere. Sie sind Familienmitglieder, Lebensfreude und treue Begleiter auf unserem Weg.<\/p>\n\n\n\n<p>Doch wie in jeder Familie k\u00f6nnen auch sie krank werden und verletzt sein. In solchen Momenten ist es unsere Pflicht und unser Privileg, f\u00fcr sie da zu sein.<\/p>\n\n\n\n<p>Als gepr\u00fcfte Tierheilpraktikerin erkenne ich meist sehr schnell, wenn etwas nicht stimmt. Um Kleinigkeiten wie z.B. einem Durchfall k\u00fcmmere ich mich selber. Bin ich nicht sicher, verst\u00e4ndige ich umgehend meinen Hoftierarzt.<\/p>\n\n\n\n<p>Bei uns in der Tierpension geht es um weit mehr als nur Futter und Unterkunft; es geht um die Gesundheit und das Wohlbefinden unserer Sch\u00fctzlinge.<\/p>\n\n\n\n<h6 class=\"wp-block-heading\">Impfen &#8211; Schutz vor unsichtbaren Bedrohungen<\/h6>\n\n\n\n<p>In unserer Tierpension glauben wir auch an die Kraft der Pr\u00e4vention. Impfungen sind durchaus wichtig, um unsere pelzigen Lieblinge vor gef\u00e4hrlichen Krankheiten zu sch\u00fctzen. Ebenso Wurmkuren und Antiparasitenmittel.<\/p>\n\n\n\n<h6 class=\"wp-block-heading\">Betreuung von kranken Tieren<\/h6>\n\n\n\n<p>Wenn Krankheit oder Verletzung zuschlagen, stehen wir Seite an Seite mit unseren Tieren. Unser Tierarzt kommt zu uns auf den Hof und k\u00fcmmert sich hier im Bedarfsfall kompetent um Ihr Tier.<\/p>\n\n\n\n<p>Ebenso geben wir erforderliche Medikamente nach Ihren Vorgaben an Ihr Tier. Ob Tablette oder Insulin.<\/p>\n\n\n\n<p>Lassen Sie uns gemeinsam f\u00fcr die Gesundheit, unserer pelzigen Freunde sorgen.<\/p>\n","protected":false},"excerpt":{"rendered":"<p>Infos zur Versorgung und Betreuung Die Gesundheit unserer pelzigen Freunde In unserer Welt der Liebe und Freundschaft sind unsere Tiere mehr als nur Haustiere. Sie sind Familienmitglieder, Lebensfreude und treue &hellip;<\/p>\n<p class=\"read-more\"> <a class=\"\" href=\"https:\/\/xn--der-pftchenhof-0pb.de\/?page_id=1698\"> <span class=\"screen-reader-text\">Gesundheit und Wohlbefinden<\/span> Weiterlesen &raquo;<\/a><\/p>\n","protected":false},"author":1,"featured_media":0,"parent":0,"menu_order":0,"comment_status":"closed","ping_status":"closed","template":"","meta":{"_surecart_dashboard_logo_width":"180px","_surecart_dashboard_show_logo":true,"_surecart_dashboard_navigation_orders":true,"_surecart_dashboard_navigation_subscriptions":true,"_surecart_dashboard_navigation_downloads":true,"_surecart_dashboard_navigation_billing":true,"_surecart_dashboard_navigation_account":true,"_uag_custom_page_level_css":"","site-sidebar-layout":"default","site-content-layout":"","ast-site-content-layout":"default","site-content-style":"default","site-sidebar-style":"default","ast-global-header-display":"","ast-banner-title-visibility":"","ast-main-header-display":"","ast-hfb-above-header-display":"","ast-hfb-below-header-display":"","ast-hfb-mobile-header-display":"","site-post-title":"","ast-breadcrumbs-content":"","ast-featured-img":"","footer-sml-layout":"","theme-transparent-header-meta":"","adv-header-id-meta":"","stick-header-meta":"","header-above-stick-meta":"","header-main-stick-meta":"","header-below-stick-meta":"","astra-migrate-meta-layouts":"set","ast-page-background-enabled":"default","ast-page-background-meta":{"desktop":{"background-color":"","background-image":"","background-repeat":"repeat","background-position":"center center","background-size":"auto","background-attachment":"scroll","background-type":"","background-media":"","overlay-type":"","overlay-color":"","overlay-gradient":""},"tablet":{"background-color":"","background-image":"","background-repeat":"repeat","background-position":"center center","background-size":"auto","background-attachment":"scroll","background-type":"","background-media":"","overlay-type":"","overlay-color":"","overlay-gradient":""},"mobile":{"background-color":"","background-image":"","background-repeat":"repeat","background-position":"center center","background-size":"auto","background-attachment":"scroll","background-type":"","background-media":"","overlay-type":"","overlay-color":"","overlay-gradient":""}},"ast-content-background-meta":{"desktop":{"background-color":"var(--ast-global-color-5)","background-image":"","background-repeat":"repeat","background-position":"center center","background-size":"auto","background-attachment":"scroll","background-type":"","background-media":"","overlay-type":"","overlay-color":"","overlay-gradient":""},"tablet":{"background-color":"var(--ast-global-color-5)","background-image":"","background-repeat":"repeat","background-position":"center center","background-size":"auto","background-attachment":"scroll","background-type":"","background-media":"","overlay-type":"","overlay-color":"","overlay-gradient":""},"mobile":{"background-color":"var(--ast-global-color-5)","background-image":"","background-repeat":"repeat","background-position":"center center","background-size":"auto","background-attachment":"scroll","background-type":"","background-media":"","overlay-type":"","overlay-color":"","overlay-gradient":""}},"footnotes":"","_vp_format_video_url":"","_vp_image_focal_point":[]},"aioseo_notices":[],"uagb_featured_image_src":{"full":false,"thumbnail":false,"medium":false,"medium_large":false,"large":false,"1536x1536":false,"2048x2048":false,"vp_sm":false,"vp_md":false,"vp_lg":false,"vp_xl":false,"vp_sm_popup":false,"vp_md_popup":false,"vp_xl_popup":false,"woocommerce_thumbnail":false,"woocommerce_single":false,"woocommerce_gallery_thumbnail":false},"uagb_author_info":{"display_name":"admin","author_link":"https:\/\/xn--der-pftchenhof-0pb.de\/?author=1"},"uagb_comment_info":0,"uagb_excerpt":"Infos zur Versorgung und Betreuung Die Gesundheit unserer pelzigen Freunde In unserer Welt der Liebe und Freundschaft sind unsere Tiere mehr als nur Haustiere. Sie sind Familienmitglieder, Lebensfreude und treue &hellip; Gesundheit und Wohlbefinden Weiterlesen &raquo;","_links":{"self":[{"href":"https:\/\/xn--der-pftchenhof-0pb.de\/index.php?rest_route=\/wp\/v2\/pages\/1698"}],"collection":[{"href":"https:\/\/xn--der-pftchenhof-0pb.de\/index.php?rest_route=\/wp\/v2\/pages"}],"about":[{"href":"https:\/\/xn--der-pftchenhof-0pb.de\/index.php?rest_route=\/wp\/v2\/types\/page"}],"author":[{"embeddable":true,"href":"https:\/\/xn--der-pftchenhof-0pb.de\/index.php?rest_route=\/wp\/v2\/users\/1"}],"replies":[{"embeddable":true,"href":"https:\/\/xn--der-pftchenhof-0pb.de\/index.php?rest_route=%2Fwp%2Fv2%2Fcomments&post=1698"}],"version-history":[{"count":2,"href":"https:\/\/xn--der-pftchenhof-0pb.de\/index.php?rest_route=\/wp\/v2\/pages\/1698\/revisions"}],"predecessor-version":[{"id":1749,"href":"https:\/\/xn--der-pftchenhof-0pb.de\/index.php?rest_route=\/wp\/v2\/pages\/1698\/revisions\/1749"}],"wp:attachment":[{"href":"https:\/\/xn--der-pftchenhof-0pb.de\/index.php?rest_route=%2Fwp%2Fv2%2Fmedia&parent=1698"}],"curies":[{"name":"wp","href":"https:\/\/api.w.org\/{rel}","templated":true}]}}