{"id":1646,"date":"2023-09-01T16:17:36","date_gmt":"2023-09-01T16:17:36","guid":{"rendered":"https:\/\/xn--der-pftchenhof-0pb.de\/?page_id=1646"},"modified":"2023-09-23T07:08:25","modified_gmt":"2023-09-23T07:08:25","slug":"willkommen-auf-dem-pfoetchenhof","status":"publish","type":"page","link":"https:\/\/xn--der-pftchenhof-0pb.de\/?page_id=1646","title":{"rendered":"Willkommen auf dem Pf\u00f6tchenhof"},"content":{"rendered":"\n<p><strong>Die etwas anderen Tierpension<\/strong><\/p>\n\n\n\n<p>In meiner kleinen, liebevollen Tierpension dreht sich alles um das Wohlergehen Ihrer pelzigen Familienmitglieder. Wir verstehen, dass Ihre Tiere f\u00fcr Sie mehr sind als nur Haustiere &#8211; sie sind ein wichtiger Teil Ihrer Familie. Genau deshalb behandeln wir sie in unserer Tierpension genauso.<\/p>\n\n\n\n<p>Unser Zuhause ist ihr Zuhause. Bei uns d\u00fcrfen Ihre geliebten Hunde \u00fcberall dabei sein, so wie es in einer echten Familie sein sollte. Das beinhaltet auch wirklich ALLE R\u00e4ume (Auch Wohn- und Schlafzimmer sind inbegriffen) Sie k\u00f6nnen sich auf ein herzliches und einladendes Umfeld freuen, in dem sich Ihre Vierbeiner pudelwohl f\u00fchlen werden.<\/p>\n\n\n\n<figure class=\"wp-block-gallery has-nested-images columns-default is-cropped wp-block-gallery-1 is-layout-flex wp-block-gallery-is-layout-flex\">\n<figure class=\"wp-block-image size-large\"><img fetchpriority=\"high\" decoding=\"async\" width=\"943\" height=\"1024\" data-id=\"2062\" src=\"https:\/\/xn--der-pftchenhof-0pb.de\/wp-content\/uploads\/2023\/09\/dog-border-collie-collie-8261797-943x1024.jpg\" alt=\"dog, border collie, collie-8261797.jpg\" class=\"wp-image-2062\" srcset=\"https:\/\/xn--der-pftchenhof-0pb.de\/wp-content\/uploads\/2023\/09\/dog-border-collie-collie-8261797-943x1024.jpg 943w, https:\/\/xn--der-pftchenhof-0pb.de\/wp-content\/uploads\/2023\/09\/dog-border-collie-collie-8261797-276x300.jpg 276w, https:\/\/xn--der-pftchenhof-0pb.de\/wp-content\/uploads\/2023\/09\/dog-border-collie-collie-8261797-768x834.jpg 768w, https:\/\/xn--der-pftchenhof-0pb.de\/wp-content\/uploads\/2023\/09\/dog-border-collie-collie-8261797-500x543.jpg 500w, https:\/\/xn--der-pftchenhof-0pb.de\/wp-content\/uploads\/2023\/09\/dog-border-collie-collie-8261797-800x869.jpg 800w, https:\/\/xn--der-pftchenhof-0pb.de\/wp-content\/uploads\/2023\/09\/dog-border-collie-collie-8261797-600x651.jpg 600w, https:\/\/xn--der-pftchenhof-0pb.de\/wp-content\/uploads\/2023\/09\/dog-border-collie-collie-8261797.jpg 1179w\" sizes=\"(max-width: 943px) 100vw, 943px\" \/><\/figure>\n\n\n\n<figure class=\"wp-block-image size-large\"><img decoding=\"async\" width=\"710\" height=\"648\" data-id=\"1963\" src=\"https:\/\/xn--der-pftchenhof-0pb.de\/wp-content\/uploads\/2023\/09\/375067017_870551064582497_3625689873880114587_n-1.jpg\" alt=\"\" class=\"wp-image-1963\" srcset=\"https:\/\/xn--der-pftchenhof-0pb.de\/wp-content\/uploads\/2023\/09\/375067017_870551064582497_3625689873880114587_n-1.jpg 710w, https:\/\/xn--der-pftchenhof-0pb.de\/wp-content\/uploads\/2023\/09\/375067017_870551064582497_3625689873880114587_n-1-300x274.jpg 300w, https:\/\/xn--der-pftchenhof-0pb.de\/wp-content\/uploads\/2023\/09\/375067017_870551064582497_3625689873880114587_n-1-600x548.jpg 600w\" sizes=\"(max-width: 710px) 100vw, 710px\" \/><\/figure>\n\n\n\n<figure class=\"wp-block-image size-large\"><img decoding=\"async\" width=\"759\" height=\"1024\" data-id=\"1953\" src=\"https:\/\/xn--der-pftchenhof-0pb.de\/wp-content\/uploads\/2023\/09\/339816027_700563948505114_469412228159300223_n-759x1024.jpg\" alt=\"\" class=\"wp-image-1953\" srcset=\"https:\/\/xn--der-pftchenhof-0pb.de\/wp-content\/uploads\/2023\/09\/339816027_700563948505114_469412228159300223_n-759x1024.jpg 759w, https:\/\/xn--der-pftchenhof-0pb.de\/wp-content\/uploads\/2023\/09\/339816027_700563948505114_469412228159300223_n-223x300.jpg 223w, https:\/\/xn--der-pftchenhof-0pb.de\/wp-content\/uploads\/2023\/09\/339816027_700563948505114_469412228159300223_n-768x1036.jpg 768w, https:\/\/xn--der-pftchenhof-0pb.de\/wp-content\/uploads\/2023\/09\/339816027_700563948505114_469412228159300223_n-600x809.jpg 600w, https:\/\/xn--der-pftchenhof-0pb.de\/wp-content\/uploads\/2023\/09\/339816027_700563948505114_469412228159300223_n.jpg 890w\" sizes=\"(max-width: 759px) 100vw, 759px\" \/><\/figure>\n\n\n\n<figure class=\"wp-block-image size-large\"><img loading=\"lazy\" decoding=\"async\" width=\"706\" height=\"814\" data-id=\"1956\" src=\"https:\/\/xn--der-pftchenhof-0pb.de\/wp-content\/uploads\/2023\/09\/340096944_191579600324359_6056081780904384564_n.jpg\" alt=\"\" class=\"wp-image-1956\" srcset=\"https:\/\/xn--der-pftchenhof-0pb.de\/wp-content\/uploads\/2023\/09\/340096944_191579600324359_6056081780904384564_n.jpg 706w, https:\/\/xn--der-pftchenhof-0pb.de\/wp-content\/uploads\/2023\/09\/340096944_191579600324359_6056081780904384564_n-260x300.jpg 260w, https:\/\/xn--der-pftchenhof-0pb.de\/wp-content\/uploads\/2023\/09\/340096944_191579600324359_6056081780904384564_n-600x692.jpg 600w\" sizes=\"(max-width: 706px) 100vw, 706px\" \/><\/figure>\n\n\n\n<figure class=\"wp-block-image size-large\"><img loading=\"lazy\" decoding=\"async\" width=\"1024\" height=\"847\" data-id=\"1938\" src=\"https:\/\/xn--der-pftchenhof-0pb.de\/wp-content\/uploads\/2023\/09\/325281842_743077486874640_4566205384388950527_n-1024x847.jpg\" alt=\"\" class=\"wp-image-1938\" srcset=\"https:\/\/xn--der-pftchenhof-0pb.de\/wp-content\/uploads\/2023\/09\/325281842_743077486874640_4566205384388950527_n-1024x847.jpg 1024w, https:\/\/xn--der-pftchenhof-0pb.de\/wp-content\/uploads\/2023\/09\/325281842_743077486874640_4566205384388950527_n-300x248.jpg 300w, https:\/\/xn--der-pftchenhof-0pb.de\/wp-content\/uploads\/2023\/09\/325281842_743077486874640_4566205384388950527_n-768x635.jpg 768w, https:\/\/xn--der-pftchenhof-0pb.de\/wp-content\/uploads\/2023\/09\/325281842_743077486874640_4566205384388950527_n-1536x1271.jpg 1536w, https:\/\/xn--der-pftchenhof-0pb.de\/wp-content\/uploads\/2023\/09\/325281842_743077486874640_4566205384388950527_n-600x496.jpg 600w, https:\/\/xn--der-pftchenhof-0pb.de\/wp-content\/uploads\/2023\/09\/325281842_743077486874640_4566205384388950527_n.jpg 1791w\" sizes=\"(max-width: 1024px) 100vw, 1024px\" \/><\/figure>\n\n\n\n<figure class=\"wp-block-image size-large\"><img loading=\"lazy\" decoding=\"async\" width=\"1024\" height=\"680\" data-id=\"1934\" src=\"https:\/\/xn--der-pftchenhof-0pb.de\/wp-content\/uploads\/2023\/09\/325266128_531548578949814_7619441076362904288_n-1024x680.jpg\" alt=\"\" class=\"wp-image-1934\" srcset=\"https:\/\/xn--der-pftchenhof-0pb.de\/wp-content\/uploads\/2023\/09\/325266128_531548578949814_7619441076362904288_n-1024x680.jpg 1024w, https:\/\/xn--der-pftchenhof-0pb.de\/wp-content\/uploads\/2023\/09\/325266128_531548578949814_7619441076362904288_n-300x199.jpg 300w, https:\/\/xn--der-pftchenhof-0pb.de\/wp-content\/uploads\/2023\/09\/325266128_531548578949814_7619441076362904288_n-768x510.jpg 768w, https:\/\/xn--der-pftchenhof-0pb.de\/wp-content\/uploads\/2023\/09\/325266128_531548578949814_7619441076362904288_n-1536x1019.jpg 1536w, https:\/\/xn--der-pftchenhof-0pb.de\/wp-content\/uploads\/2023\/09\/325266128_531548578949814_7619441076362904288_n-600x398.jpg 600w, https:\/\/xn--der-pftchenhof-0pb.de\/wp-content\/uploads\/2023\/09\/325266128_531548578949814_7619441076362904288_n.jpg 2048w\" sizes=\"(max-width: 1024px) 100vw, 1024px\" \/><\/figure>\n<\/figure>\n\n\n\n<p><br>Unsere Anlage ist nicht nur sicher und gem\u00fctlich, sondern auch von Natur umgeben. Spa\u00df und kleine Abenteuer stehen auf der Tagesordnung. Ob im Garten, in den Freil\u00e4ufen oder auf dem Innenhof &#8211; wir sorgen daf\u00fcr, dass Ihr Hund sich austoben kann und die frische Luft genie\u00dft.<\/p>\n\n\n\n<p>Mein erfahrenes und liebevolles Team ist rund um die Uhr f\u00fcr Ihre Tiere da. Wir k\u00fcmmern uns nicht nur um ihre k\u00f6rperlichen Bed\u00fcrfnisse, sondern auch um ihre emotionalen. Wir verstehen die individuellen Bed\u00fcrfnisse eines jeden Hundes und sorgen daf\u00fcr, dass sie sich geborgen und geliebt f\u00fchlen.<\/p>\n\n\n\n<p>Wir wissen, dass Vertrauen ein wichtiger Faktor ist, wenn es um die Betreuung Ihrer Tiere geht. Deshalb sind Transparenz und offene Kommunikation f\u00fcr uns selbstverst\u00e4ndlich. Wir halten Sie regelm\u00e4\u00dfig auf dem Laufenden, schicken Fotos und\/oder Videos und stehen Ihnen bei Fragen immer zur Verf\u00fcgung.<\/p>\n\n\n\n<p>Hier sind Ihre Hunde mehr als nur G\u00e4ste &#8211; sie sind Teil unserer Familie. Lassen Sie uns gemeinsam daf\u00fcr sorgen, dass Ihr geliebter Hund eine gro\u00dfartige Zeit hat, w\u00e4hrend Sie abwesend sind.<\/p>\n\n\n\n<p>Kontaktieren Sie uns, um mehr \u00fcber unsere Dienstleistungen und Verf\u00fcgbarkeiten zu erfahren. Wir freuen uns darauf, Sie und Ihre pelzigen Freunde kennenzulernen!<\/p>\n","protected":false},"excerpt":{"rendered":"<p>Die etwas anderen Tierpension In meiner kleinen, liebevollen Tierpension dreht sich alles um das Wohlergehen Ihrer pelzigen Familienmitglieder. Wir verstehen, dass Ihre Tiere f\u00fcr Sie mehr sind als nur Haustiere &hellip;<\/p>\n<p class=\"read-more\"> <a class=\"\" href=\"https:\/\/xn--der-pftchenhof-0pb.de\/?page_id=1646\"> <span class=\"screen-reader-text\">Willkommen auf dem Pf\u00f6tchenhof<\/span> Weiterlesen &raquo;<\/a><\/p>\n","protected":false},"author":1,"featured_media":0,"parent":0,"menu_order":0,"comment_status":"closed","ping_status":"closed","template":"","meta":{"_surecart_dashboard_logo_width":"180px","_surecart_dashboard_show_logo":true,"_surecart_dashboard_navigation_orders":true,"_surecart_dashboard_navigation_subscriptions":true,"_surecart_dashboard_navigation_downloads":true,"_surecart_dashboard_navigation_billing":true,"_surecart_dashboard_navigation_account":true,"_uag_custom_page_level_css":"","site-sidebar-layout":"default","site-content-layout":"","ast-site-content-layout":"default","site-content-style":"default","site-sidebar-style":"default","ast-global-header-display":"","ast-banner-title-visibility":"","ast-main-header-display":"","ast-hfb-above-header-display":"","ast-hfb-below-header-display":"","ast-hfb-mobile-header-display":"","site-post-title":"","ast-breadcrumbs-content":"","ast-featured-img":"","footer-sml-layout":"","theme-transparent-header-meta":"","adv-header-id-meta":"","stick-header-meta":"","header-above-stick-meta":"","header-main-stick-meta":"","header-below-stick-meta":"","astra-migrate-meta-layouts":"set","ast-page-background-enabled":"default","ast-page-background-meta":{"desktop":{"background-color":"","background-image":"","background-repeat":"repeat","background-position":"center center","background-size":"auto","background-attachment":"scroll","background-type":"","background-media":"","overlay-type":"","overlay-color":"","overlay-gradient":""},"tablet":{"background-color":"","background-image":"","background-repeat":"repeat","background-position":"center center","background-size":"auto","background-attachment":"scroll","background-type":"","background-media":"","overlay-type":"","overlay-color":"","overlay-gradient":""},"mobile":{"background-color":"","background-image":"","background-repeat":"repeat","background-position":"center center","background-size":"auto","background-attachment":"scroll","background-type":"","background-media":"","overlay-type":"","overlay-color":"","overlay-gradient":""}},"ast-content-background-meta":{"desktop":{"background-color":"var(--ast-global-color-5)","background-image":"","background-repeat":"repeat","background-position":"center center","background-size":"auto","background-attachment":"scroll","background-type":"","background-media":"","overlay-type":"","overlay-color":"","overlay-gradient":""},"tablet":{"background-color":"var(--ast-global-color-5)","background-image":"","background-repeat":"repeat","background-position":"center center","background-size":"auto","background-attachment":"scroll","background-type":"","background-media":"","overlay-type":"","overlay-color":"","overlay-gradient":""},"mobile":{"background-color":"var(--ast-global-color-5)","background-image":"","background-repeat":"repeat","background-position":"center center","background-size":"auto","background-attachment":"scroll","background-type":"","background-media":"","overlay-type":"","overlay-color":"","overlay-gradient":""}},"footnotes":"","_vp_format_video_url":"","_vp_image_focal_point":[]},"aioseo_notices":[],"uagb_featured_image_src":{"full":false,"thumbnail":false,"medium":false,"medium_large":false,"large":false,"1536x1536":false,"2048x2048":false,"vp_sm":false,"vp_md":false,"vp_lg":false,"vp_xl":false,"vp_sm_popup":false,"vp_md_popup":false,"vp_xl_popup":false,"woocommerce_thumbnail":false,"woocommerce_single":false,"woocommerce_gallery_thumbnail":false},"uagb_author_info":{"display_name":"admin","author_link":"https:\/\/xn--der-pftchenhof-0pb.de\/?author=1"},"uagb_comment_info":0,"uagb_excerpt":"Die etwas anderen Tierpension In meiner kleinen, liebevollen Tierpension dreht sich alles um das Wohlergehen Ihrer pelzigen Familienmitglieder. Wir verstehen, dass Ihre Tiere f\u00fcr Sie mehr sind als nur Haustiere &hellip; Willkommen auf dem Pf\u00f6tchenhof Weiterlesen &raquo;","_links":{"self":[{"href":"https:\/\/xn--der-pftchenhof-0pb.de\/index.php?rest_route=\/wp\/v2\/pages\/1646"}],"collection":[{"href":"https:\/\/xn--der-pftchenhof-0pb.de\/index.php?rest_route=\/wp\/v2\/pages"}],"about":[{"href":"https:\/\/xn--der-pftchenhof-0pb.de\/index.php?rest_route=\/wp\/v2\/types\/page"}],"author":[{"embeddable":true,"href":"https:\/\/xn--der-pftchenhof-0pb.de\/index.php?rest_route=\/wp\/v2\/users\/1"}],"replies":[{"embeddable":true,"href":"https:\/\/xn--der-pftchenhof-0pb.de\/index.php?rest_route=%2Fwp%2Fv2%2Fcomments&post=1646"}],"version-history":[{"count":4,"href":"https:\/\/xn--der-pftchenhof-0pb.de\/index.php?rest_route=\/wp\/v2\/pages\/1646\/revisions"}],"predecessor-version":[{"id":2158,"href":"https:\/\/xn--der-pftchenhof-0pb.de\/index.php?rest_route=\/wp\/v2\/pages\/1646\/revisions\/2158"}],"wp:attachment":[{"href":"https:\/\/xn--der-pftchenhof-0pb.de\/index.php?rest_route=%2Fwp%2Fv2%2Fmedia&parent=1646"}],"curies":[{"name":"wp","href":"https:\/\/api.w.org\/{rel}","templated":true}]}}